{"id":67,"date":"2023-10-11T19:50:23","date_gmt":"2023-10-11T19:50:23","guid":{"rendered":"https:\/\/camarasal.com\/centro-mediacion-arbitraje\/?page_id=67"},"modified":"2023-10-19T21:59:17","modified_gmt":"2023-10-19T21:59:17","slug":"calculadora","status":"publish","type":"page","link":"https:\/\/camarasal.com\/centro-mediacion-arbitraje\/calculadora\/","title":{"rendered":"Calculadora"},"content":{"rendered":"<div id=\"dslc-theme-content\"><div id=\"dslc-theme-content-inner\"><div id=\"dslc-main\">\n<div  class=\"dslc-modules-section  dslc-full calculator \" style=\"padding-bottom:20px;padding-top:20px;padding-left:5%;padding-right:5%;\" data-section-id=\"17e7cdc9d03\">\n<div class=\"dslc-modules-section-wrapper dslc-clearfix\">\n<div class=\"dslc-modules-area dslc-col dslc-12-col dslc-last-col dslc-valign- \" data-size=\"12\" data-valign=\"\">\n<div id=\"dslc-module-6eb2f3d995c\" class=\"dslc-module-front dslc-module-DSLC_Separator dslc-in-viewport-check dslc-in-viewport-anim-none  dslc-col dslc-12-col dslc-last-col  dslc-module-handle-like-regular \" data-module-id=\"6eb2f3d995c\" data-module=\"DSLC_Separator\" data-dslc-module-size=\"12\" data-dslc-anim=\"none\" data-dslc-anim-delay=\"\" data-dslc-anim-duration=\"650\"  data-dslc-anim-easing=\"ease\" data-dslc-preset=\"none\" >\n<div class=\"dslc-separator-wrapper\">\n<div class=\"dslc-separator dslc-separator-style-invisible\">\n\t\t\t\t\t\t\t\t\t<\/div>\n<div><\/div>\n<\/p><\/div>\n<p><!-- .dslc-separator-wrapper --><\/p><\/div>\n<p><!-- .dslc-module --><\/p>\n<div id=\"dslc-module-0ea4d48379e\" class=\"dslc-module-front dslc-module-DSLC_Html dslc-in-viewport-check dslc-in-viewport-anim-none  dslc-col dslc-12-col dslc-last-col  dslc-module-handle-like-regular \" data-module-id=\"0ea4d48379e\" data-module=\"DSLC_Html\" data-dslc-module-size=\"12\" data-dslc-anim=\"none\" data-dslc-anim-delay=\"\" data-dslc-anim-duration=\"650\"  data-dslc-anim-easing=\"ease\" data-dslc-preset=\"none\" >\n<div class=\"dslc-html-module-content\">\n<div class=\"base\">\n<div class=\"steps\">\n<div class=\"step\">\n<h3>Calcule su <strong>cotizaci\u00f3n de proceso<\/strong><\/h3>\n<div class=\"getAmount\">\n<div class=\"detail\">\n<h4>Monto en Controversia<\/h4>\n<p>(Desplasa el selector de la cantidad o ingresala)<\/p>\n<\/div>\n<div class=\"input\">\n<div class=\"box\"><span>$<\/span><input type=\"text\" id=\"amount\" placeholder=\"1,000,000.00\"><span>USD<\/span><\/div>\n<div id=\"slider-range-min\"><\/div>\n<\/div>\n<p><button>Calcular<\/button><\/p>\n<\/div>\n<p>Nota: La presente herramienta tiene por objeto facilitar a los usuarios del Centro el c\u00e1lculo de las cantidades correspondientes. El Centro no se hace responsable por errores de c\u00e1lculo o inexactitudes en la calculadora virtual. Bajo ning\u00fan concepto debera entenderse que las cantidades calculadas obligan al Centro, Arbitros o Secretarios a respetarlas, si acaso existe incongruencia entre ellas y el tarifario oficial estipulado en el Reglamento del Centro. <\/p>\n<\/div>\n<div class=\"step results\">\n<div class=\"box\">\n<h3><strong>Estimados totales<\/strong><\/h3>\n<div class=\"result\" id=\"cmya\">\n<label>Centro<\/label><br \/>\n<label>Mediaci\u00f3n y<\/label><br \/>\n<label>Arbitraje<\/label><br \/>\n<label class=\"number\"><span>$<\/span><span class=\"value\">0.00<\/span><span>USD<\/span><\/label>\n<\/div>\n<div class=\"result\"  id=\"honorario\">\n<label>Honorarios<\/label><br \/>\n<label>(1 \u00c1rbitro)<\/label><\/p>\n<div class=\"space\"><\/div>\n<p><label class=\"number\"><span>$<\/span><span class=\"value\">0.00<\/span><span>USD<\/span><\/label>\n<\/div>\n<div class=\"result\"  id=\"honorariox3\">\n<label>Honorarios<\/label><br \/>\n<label>(3 \u00c1rbitro)<\/label><\/p>\n<div class=\"space\"><\/div>\n<p><label class=\"number\"><span>$<\/span><span class=\"value\">0.00<\/span><span>USD<\/span><\/label>\n<\/div>\n<div class=\"result\"  id=\"secretario\">\n<label>Secretario de<\/label><br \/>\n<label>Tribunal<\/label><\/p>\n<div class=\"space\"><\/div>\n<p><label class=\"number\"><span>$<\/span><span class=\"value\">0.00<\/span><span>USD<\/span><\/label>\n<\/div>\n<\/div>\n<div class=\"box\">\n<div class=\"result\"  id=\"cmya1a\">\n<label>CMYA<\/label><br \/>\n<label>+ 1 Arbritro<\/label><\/p>\n<div class=\"space\"><\/div>\n<p><label class=\"number\"><span>$<\/span><span class=\"value\">0.00<\/span><span>USD<\/span><\/label>\n<\/div>\n<div class=\"result\"  id=\"cmya1a1s\">\n<label>CMYA<\/label><br \/>\n<label>+ 1 Arbritro<\/label><br \/>\n<label>+ Secretario<\/label><br \/>\n<label class=\"number\"><span>$<\/span><span class=\"value\">0.00<\/span><span>USD<\/span><\/label>\n<\/div>\n<div class=\"result\"  id=\"cmya3a\">\n<label>CMYA<\/label><br \/>\n<label>+ 3 Arbritro<\/label><\/p>\n<div class=\"space\"><\/div>\n<p><label class=\"number\"><span>$<\/span><span class=\"value\">0.00<\/span><span>USD<\/span><\/label>\n<\/div>\n<div class=\"result\"  id=\"cmya3a1s\">\n<label>CMYA<\/label><br \/>\n<label>+ 3 Arbritro<\/label><br \/>\n<label>+ Secretario<\/label><br \/>\n<label class=\"number\"><span>$<\/span><span class=\"value\">0.00<\/span><span>USD<\/span><\/label>\n<\/div>\n<\/div>\n<\/div>\n<\/div>\n<\/div>\n<\/div><\/div>\n<p><!-- .dslc-module -->\n\t\t<\/div>\n<\/div>\n<\/div>\n<\/div>\n<\/div><\/div>","protected":false},"excerpt":{"rendered":"<p>CALCULE SU COTIZACI\u00d3N DE PROCESO<\/p>\n","protected":false},"author":1,"featured_media":0,"parent":0,"menu_order":0,"comment_status":"closed","ping_status":"closed","template":"","meta":{"footnotes":""},"class_list":["post-67","page","type-page","status-publish","hentry"],"yoast_head":"<!-- This site is optimized with the Yoast SEO plugin v27.2 - https:\/\/yoast.com\/product\/yoast-seo-wordpress\/ -->\n<title>Calculadora - Centro de Mediaci\u00f3n y Arbitraje<\/title>\n<meta name=\"robots\" content=\"index, follow, max-snippet:-1, max-image-preview:large, max-video-preview:-1\" \/>\n<link rel=\"canonical\" href=\"https:\/\/camarasal.com\/centro-mediacion-arbitraje\/calculadora\/\" \/>\n<meta property=\"og:locale\" content=\"es_ES\" \/>\n<meta property=\"og:type\" content=\"article\" \/>\n<meta property=\"og:title\" content=\"Calculadora - Centro de Mediaci\u00f3n y Arbitraje\" \/>\n<meta property=\"og:description\" content=\"CALCULE SU COTIZACI\u00d3N DE PROCESO\" \/>\n<meta property=\"og:url\" content=\"https:\/\/camarasal.com\/centro-mediacion-arbitraje\/calculadora\/\" \/>\n<meta property=\"og:site_name\" content=\"Centro de Mediaci\u00f3n y Arbitraje\" \/>\n<meta property=\"article:publisher\" content=\"https:\/\/www.facebook.com\/camarasal\" \/>\n<meta property=\"article:modified_time\" content=\"2023-10-19T21:59:17+00:00\" \/>\n<meta name=\"twitter:card\" content=\"summary_large_image\" \/>\n<meta name=\"twitter:label1\" content=\"Tiempo de lectura\" \/>\n\t<meta name=\"twitter:data1\" content=\"1 minuto\" \/>\n<script type=\"application\/ld+json\" class=\"yoast-schema-graph\">{\"@context\":\"https:\/\/schema.org\",\"@graph\":[{\"@type\":\"WebPage\",\"@id\":\"https:\/\/camarasal.com\/centro-mediacion-arbitraje\/calculadora\/\",\"url\":\"https:\/\/camarasal.com\/centro-mediacion-arbitraje\/calculadora\/\",\"name\":\"Calculadora - Centro de Mediaci\u00f3n y Arbitraje\",\"isPartOf\":{\"@id\":\"https:\/\/camarasal.com\/centro-mediacion-arbitraje\/#website\"},\"datePublished\":\"2023-10-11T19:50:23+00:00\",\"dateModified\":\"2023-10-19T21:59:17+00:00\",\"breadcrumb\":{\"@id\":\"https:\/\/camarasal.com\/centro-mediacion-arbitraje\/calculadora\/#breadcrumb\"},\"inLanguage\":\"es\",\"potentialAction\":[{\"@type\":\"ReadAction\",\"target\":[\"https:\/\/camarasal.com\/centro-mediacion-arbitraje\/calculadora\/\"]}]},{\"@type\":\"BreadcrumbList\",\"@id\":\"https:\/\/camarasal.com\/centro-mediacion-arbitraje\/calculadora\/#breadcrumb\",\"itemListElement\":[{\"@type\":\"ListItem\",\"position\":1,\"name\":\"Portada\",\"item\":\"https:\/\/camarasal.com\/centro-mediacion-arbitraje\/\"},{\"@type\":\"ListItem\",\"position\":2,\"name\":\"Calculadora\"}]},{\"@type\":\"WebSite\",\"@id\":\"https:\/\/camarasal.com\/centro-mediacion-arbitraje\/#website\",\"url\":\"https:\/\/camarasal.com\/centro-mediacion-arbitraje\/\",\"name\":\"Centro de Mediaci\u00f3n y Arbitraje\",\"description\":\"La C\u00e1maras de comercio debido a su solidez moral y credibilidad, han sido los entes id\u00f3neos para el desarrollo de los Medios Alternos de la Soluci\u00f3n\",\"publisher\":{\"@id\":\"https:\/\/camarasal.com\/centro-mediacion-arbitraje\/#organization\"},\"potentialAction\":[{\"@type\":\"SearchAction\",\"target\":{\"@type\":\"EntryPoint\",\"urlTemplate\":\"https:\/\/camarasal.com\/centro-mediacion-arbitraje\/?s={search_term_string}\"},\"query-input\":{\"@type\":\"PropertyValueSpecification\",\"valueRequired\":true,\"valueName\":\"search_term_string\"}}],\"inLanguage\":\"es\"},{\"@type\":\"Organization\",\"@id\":\"https:\/\/camarasal.com\/centro-mediacion-arbitraje\/#organization\",\"name\":\"Centro de Mediaci\u00f3n y Arbitraje\",\"url\":\"https:\/\/camarasal.com\/centro-mediacion-arbitraje\/\",\"logo\":{\"@type\":\"ImageObject\",\"inLanguage\":\"es\",\"@id\":\"https:\/\/camarasal.com\/centro-mediacion-arbitraje\/#\/schema\/logo\/image\/\",\"url\":\"https:\/\/camarasal.com\/centro-mediacion-arbitraje\/wp-content\/uploads\/2023\/10\/logo.svg\",\"contentUrl\":\"https:\/\/camarasal.com\/centro-mediacion-arbitraje\/wp-content\/uploads\/2023\/10\/logo.svg\",\"width\":510,\"height\":130,\"caption\":\"Centro de Mediaci\u00f3n y Arbitraje\"},\"image\":{\"@id\":\"https:\/\/camarasal.com\/centro-mediacion-arbitraje\/#\/schema\/logo\/image\/\"},\"sameAs\":[\"https:\/\/www.facebook.com\/camarasal\"]}]}<\/script>\n<!-- \/ Yoast SEO plugin. -->","yoast_head_json":{"title":"Calculadora - Centro de Mediaci\u00f3n y Arbitraje","robots":{"index":"index","follow":"follow","max-snippet":"max-snippet:-1","max-image-preview":"max-image-preview:large","max-video-preview":"max-video-preview:-1"},"canonical":"https:\/\/camarasal.com\/centro-mediacion-arbitraje\/calculadora\/","og_locale":"es_ES","og_type":"article","og_title":"Calculadora - Centro de Mediaci\u00f3n y Arbitraje","og_description":"CALCULE SU COTIZACI\u00d3N DE PROCESO","og_url":"https:\/\/camarasal.com\/centro-mediacion-arbitraje\/calculadora\/","og_site_name":"Centro de Mediaci\u00f3n y Arbitraje","article_publisher":"https:\/\/www.facebook.com\/camarasal","article_modified_time":"2023-10-19T21:59:17+00:00","twitter_card":"summary_large_image","twitter_misc":{"Tiempo de lectura":"1 minuto"},"schema":{"@context":"https:\/\/schema.org","@graph":[{"@type":"WebPage","@id":"https:\/\/camarasal.com\/centro-mediacion-arbitraje\/calculadora\/","url":"https:\/\/camarasal.com\/centro-mediacion-arbitraje\/calculadora\/","name":"Calculadora - Centro de Mediaci\u00f3n y Arbitraje","isPartOf":{"@id":"https:\/\/camarasal.com\/centro-mediacion-arbitraje\/#website"},"datePublished":"2023-10-11T19:50:23+00:00","dateModified":"2023-10-19T21:59:17+00:00","breadcrumb":{"@id":"https:\/\/camarasal.com\/centro-mediacion-arbitraje\/calculadora\/#breadcrumb"},"inLanguage":"es","potentialAction":[{"@type":"ReadAction","target":["https:\/\/camarasal.com\/centro-mediacion-arbitraje\/calculadora\/"]}]},{"@type":"BreadcrumbList","@id":"https:\/\/camarasal.com\/centro-mediacion-arbitraje\/calculadora\/#breadcrumb","itemListElement":[{"@type":"ListItem","position":1,"name":"Portada","item":"https:\/\/camarasal.com\/centro-mediacion-arbitraje\/"},{"@type":"ListItem","position":2,"name":"Calculadora"}]},{"@type":"WebSite","@id":"https:\/\/camarasal.com\/centro-mediacion-arbitraje\/#website","url":"https:\/\/camarasal.com\/centro-mediacion-arbitraje\/","name":"Centro de Mediaci\u00f3n y Arbitraje","description":"La C\u00e1maras de comercio debido a su solidez moral y credibilidad, han sido los entes id\u00f3neos para el desarrollo de los Medios Alternos de la Soluci\u00f3n","publisher":{"@id":"https:\/\/camarasal.com\/centro-mediacion-arbitraje\/#organization"},"potentialAction":[{"@type":"SearchAction","target":{"@type":"EntryPoint","urlTemplate":"https:\/\/camarasal.com\/centro-mediacion-arbitraje\/?s={search_term_string}"},"query-input":{"@type":"PropertyValueSpecification","valueRequired":true,"valueName":"search_term_string"}}],"inLanguage":"es"},{"@type":"Organization","@id":"https:\/\/camarasal.com\/centro-mediacion-arbitraje\/#organization","name":"Centro de Mediaci\u00f3n y Arbitraje","url":"https:\/\/camarasal.com\/centro-mediacion-arbitraje\/","logo":{"@type":"ImageObject","inLanguage":"es","@id":"https:\/\/camarasal.com\/centro-mediacion-arbitraje\/#\/schema\/logo\/image\/","url":"https:\/\/camarasal.com\/centro-mediacion-arbitraje\/wp-content\/uploads\/2023\/10\/logo.svg","contentUrl":"https:\/\/camarasal.com\/centro-mediacion-arbitraje\/wp-content\/uploads\/2023\/10\/logo.svg","width":510,"height":130,"caption":"Centro de Mediaci\u00f3n y Arbitraje"},"image":{"@id":"https:\/\/camarasal.com\/centro-mediacion-arbitraje\/#\/schema\/logo\/image\/"},"sameAs":["https:\/\/www.facebook.com\/camarasal"]}]}},"_links":{"self":[{"href":"https:\/\/camarasal.com\/centro-mediacion-arbitraje\/wp-json\/wp\/v2\/pages\/67","targetHints":{"allow":["GET"]}}],"collection":[{"href":"https:\/\/camarasal.com\/centro-mediacion-arbitraje\/wp-json\/wp\/v2\/pages"}],"about":[{"href":"https:\/\/camarasal.com\/centro-mediacion-arbitraje\/wp-json\/wp\/v2\/types\/page"}],"author":[{"embeddable":true,"href":"https:\/\/camarasal.com\/centro-mediacion-arbitraje\/wp-json\/wp\/v2\/users\/1"}],"replies":[{"embeddable":true,"href":"https:\/\/camarasal.com\/centro-mediacion-arbitraje\/wp-json\/wp\/v2\/comments?post=67"}],"version-history":[{"count":2,"href":"https:\/\/camarasal.com\/centro-mediacion-arbitraje\/wp-json\/wp\/v2\/pages\/67\/revisions"}],"predecessor-version":[{"id":145,"href":"https:\/\/camarasal.com\/centro-mediacion-arbitraje\/wp-json\/wp\/v2\/pages\/67\/revisions\/145"}],"wp:attachment":[{"href":"https:\/\/camarasal.com\/centro-mediacion-arbitraje\/wp-json\/wp\/v2\/media?parent=67"}],"curies":[{"name":"wp","href":"https:\/\/api.w.org\/{rel}","templated":true}]}}