{"id":65,"date":"2023-10-11T19:50:12","date_gmt":"2023-10-11T19:50:12","guid":{"rendered":"https:\/\/camarasal.com\/centro-mediacion-arbitraje\/?page_id=65"},"modified":"2023-10-11T22:27:41","modified_gmt":"2023-10-11T22:27:41","slug":"eventos","status":"publish","type":"page","link":"https:\/\/camarasal.com\/centro-mediacion-arbitraje\/eventos\/","title":{"rendered":"Eventos"},"content":{"rendered":"<div id=\"dslc-theme-content\"><div id=\"dslc-theme-content-inner\"><div id=\"dslc-main\">\n<div  class=\"dslc-modules-section  dslc-init-parallax  dslc-full events \" style=\"padding-bottom:0px;padding-top:0px;padding-left:5%;padding-right:5%;background-color:rgba(0,0,0,0);background-image:url(https:\/\/camarasal.com\/centro-mediacion-arbitraje\/wp-content\/uploads\/2023\/10\/element-evets01.png);background-repeat:no-repeat;background-position:right top;background-attachment:parallax;background-size:contain;\" data-section-id=\"b959e53516d\">\n<div class=\"dslc-modules-section-wrapper dslc-clearfix\">\n<div class=\"dslc-modules-area dslc-col dslc-12-col dslc-last-col dslc-valign-middle \" data-size=\"12\" data-valign=\"middle\">\n<div id=\"dslc-module-19c589b1666\" class=\"dslc-module-front dslc-module-DSLC_Text_Simple dslc-in-viewport-check dslc-in-viewport-anim-none  dslc-col dslc-6-col  dslc-module-handle-like-regular text title\" data-module-id=\"19c589b1666\" data-module=\"DSLC_Text_Simple\" data-dslc-module-size=\"6\" data-dslc-anim=\"none\" data-dslc-anim-delay=\"\" data-dslc-anim-duration=\"650\"  data-dslc-anim-easing=\"ease\" data-dslc-preset=\"none\" >\n<div class=\"dslc-text-module-content\">\n<h1>Eventos y noticias<\/h1>\n<h2><strong>Inf\u00f3rmate<\/strong> de<br \/>nuestros eventos<br \/>y d\u00edas feriados<\/h2>\n<\/p><\/div>\n<\/p><\/div>\n<p><!-- .dslc-module --><\/p>\n<div id=\"dslc-module-5c25ca0a111\" class=\"dslc-module-front dslc-module-DSLC_Html dslc-in-viewport-check dslc-in-viewport-anim-none  dslc-col dslc-6-col dslc-last-col  dslc-module-handle-like-regular image\" data-module-id=\"5c25ca0a111\" data-module=\"DSLC_Html\" data-dslc-module-size=\"6\" data-dslc-anim=\"none\" data-dslc-anim-delay=\"\" data-dslc-anim-duration=\"650\"  data-dslc-anim-easing=\"ease\" data-dslc-preset=\"none\" >\n<div class=\"dslc-html-module-content\"><div class='white' style='background:rgba(0,0,0,0); border:solid 0px rgba(0,0,0,0); border-radius:0px; padding:0px 0px 0px 0px;'>\n<div id='slider_107' class='owl-carousel sa_owl_theme autohide-arrows' data-slider-id='slider_107' style='visibility:hidden;'>\n<div id='slider_107_slide01' class='sa_hover_container' style='padding:0% 0%; margin:0px 0%; background-image:url(&quot;https:\/\/camarasal.com\/centro-mediacion-arbitraje\/wp-content\/uploads\/2023\/10\/event.jpg&quot;); background-position:center center; background-size:cover; background-repeat:no-repeat; '><div class='sa_hover_buttons' style='top:50%; left:50%; margin-top:-20px; margin-left:-20px;'><a class='sa_slide_link_icon' href='https:\/\/camarasal.com\/sala-de-prensa\/noticias\/' target='_blank' title='' aria-label=''><\/a><\/div>\n<\/div>\n<div id='slider_107_slide02' class='sa_hover_container' style='padding:0% 0%; margin:0px 0%; background-image:url(&quot;https:\/\/camarasal.com\/centro-mediacion-arbitraje\/wp-content\/uploads\/2023\/10\/books.jpg&quot;); background-position:center center; background-size:cover; background-repeat:no-repeat; '><div class='sa_hover_buttons' style='top:50%; left:50%; margin-top:-20px; margin-left:-20px;'><a class='sa_slide_link_icon' href='https:\/\/camarasal.com\/sala-de-prensa\/noticias\/' target='_blank' title='' aria-label=''><\/a><\/div>\n<\/div>\n<div id='slider_107_slide03' class='sa_hover_container' style='padding:0% 0%; margin:0px 0%; background-image:url(&quot;https:\/\/camarasal.com\/centro-mediacion-arbitraje\/wp-content\/uploads\/2023\/10\/event.jpg&quot;); background-position:left top; background-size:contain; background-repeat:no-repeat; '><\/div>\n<div id='slider_107_slide04' class='sa_hover_container' style='padding:0% 0%; margin:0px 0%; '><\/div>\n<\/div>\n<\/div>\n<script type='text\/javascript'>\n\tjQuery(document).ready(function() {\n\t\tjQuery('#slider_107').owlCarousel({\n\t\t\titems : 1,\n\t\t\tanimateOut : 'fadeOut',\n\t\t\tsmartSpeed : 200,\n\t\t\tautoplay : true,\n\t\t\tautoplayTimeout : 3000,\n\t\t\tautoplayHoverPause : true,\n\t\t\tsmartSpeed : 200,\n\t\t\tfluidSpeed : 200,\n\t\t\tautoplaySpeed : 200,\n\t\t\tnavSpeed : 200,\n\t\t\tdotsSpeed : 200,\n\t\t\tloop : true,\n\t\t\tnav : false,\n\t\t\tnavText : ['Previous','Next'],\n\t\t\tdots : false,\n\t\t\tresponsiveRefreshRate : 200,\n\t\t\tslideBy : 1,\n\t\t\tmergeFit : true,\n\t\t\tautoHeight : false,\n\t\t\tmouseDrag : true,\n\t\t\ttouchDrag : true\n\t\t});\n\t\tjQuery('#slider_107').css('visibility', 'visible');\n\t\tsa_resize_slider_107();\n\t\twindow.addEventListener('resize', sa_resize_slider_107);\n\t\tfunction sa_resize_slider_107() {\n\t\t\tvar min_height = '50';\n\t\t\tvar win_width = jQuery(window).width();\n\t\t\tvar slider_width = jQuery('#slider_107').width();\n\t\t\tif (win_width < 480) {\n\t\t\t\tvar slide_width = slider_width \/ 1;\n\t\t\t} else if (win_width < 768) {\n\t\t\t\tvar slide_width = slider_width \/ 1;\n\t\t\t} else if (win_width < 980) {\n\t\t\t\tvar slide_width = slider_width \/ 1;\n\t\t\t} else if (win_width < 1200) {\n\t\t\t\tvar slide_width = slider_width \/ 1;\n\t\t\t} else if (win_width < 1500) {\n\t\t\t\tvar slide_width = slider_width \/ 1;\n\t\t\t} else {\n\t\t\t\tvar slide_width = slider_width \/ 1;\n\t\t\t}\n\t\t\tslide_width = Math.round(slide_width);\n\t\t\tvar slide_height = '0';\n\t\t\tif (min_height == 'aspect43') {\n\t\t\t\tslide_height = (slide_width \/ 4) * 3;\t\t\t\tslide_height = Math.round(slide_height);\n\t\t\t} else if (min_height == 'aspect169') {\n\t\t\t\tslide_height = (slide_width \/ 16) * 9;\t\t\t\tslide_height = Math.round(slide_height);\n\t\t\t} else {\n\t\t\t\tslide_height = (slide_width \/ 100) * min_height;\t\t\t\tslide_height = Math.round(slide_height);\n\t\t\t}\n\t\t\tjQuery('#slider_107 .owl-item .sa_hover_container').css('min-height', slide_height+'px');\n\t\t}\n\t\tvar owl_goto = jQuery('#slider_107');\n\t\tjQuery('.slider_107_goto1').click(function(event){\n\t\t\towl_goto.trigger('to.owl.carousel', 0);\n\t\t});\n\t\tjQuery('.slider_107_goto2').click(function(event){\n\t\t\towl_goto.trigger('to.owl.carousel', 1);\n\t\t});\n\t\tjQuery('.slider_107_goto3').click(function(event){\n\t\t\towl_goto.trigger('to.owl.carousel', 2);\n\t\t});\n\t\tjQuery('.slider_107_goto4').click(function(event){\n\t\t\towl_goto.trigger('to.owl.carousel', 3);\n\t\t});\n\t\tvar resize_107 = jQuery('.owl-carousel');\n\t\tresize_107.on('initialized.owl.carousel', function(e) {\n\t\t\tif (typeof(Event) === 'function') {\n\t\t\t\twindow.dispatchEvent(new Event('resize'));\n\t\t\t} else {\n\t\t\t\tvar evt = window.document.createEvent('UIEvents');\n\t\t\t\tevt.initUIEvent('resize', true, false, window, 0);\n\t\t\t\twindow.dispatchEvent(evt);\n\t\t\t}\n\t\t});\n\t});\n<\/script>\n<\/div>\n<\/p><\/div>\n<p><!-- .dslc-module -->\n\t\t<\/div>\n<\/div>\n<\/div>\n<\/div>\n<\/div><\/div>","protected":false},"excerpt":{"rendered":"<p>Inf\u00f3rmate de nuestros eventos y d\u00edas feriados<\/p>\n","protected":false},"author":1,"featured_media":0,"parent":0,"menu_order":0,"comment_status":"closed","ping_status":"closed","template":"","meta":{"footnotes":""},"class_list":["post-65","page","type-page","status-publish","hentry"],"yoast_head":"<!-- This site is optimized with the Yoast SEO plugin v27.2 - https:\/\/yoast.com\/product\/yoast-seo-wordpress\/ -->\n<title>Eventos - Centro de Mediaci\u00f3n y Arbitraje<\/title>\n<meta name=\"robots\" content=\"index, follow, max-snippet:-1, max-image-preview:large, max-video-preview:-1\" \/>\n<link rel=\"canonical\" href=\"https:\/\/camarasal.com\/centro-mediacion-arbitraje\/eventos\/\" \/>\n<meta property=\"og:locale\" content=\"es_ES\" \/>\n<meta property=\"og:type\" content=\"article\" \/>\n<meta property=\"og:title\" content=\"Eventos - Centro de Mediaci\u00f3n y Arbitraje\" \/>\n<meta property=\"og:description\" content=\"Inf\u00f3rmate de nuestros eventos y d\u00edas feriados\" \/>\n<meta property=\"og:url\" content=\"https:\/\/camarasal.com\/centro-mediacion-arbitraje\/eventos\/\" \/>\n<meta property=\"og:site_name\" content=\"Centro de Mediaci\u00f3n y Arbitraje\" \/>\n<meta property=\"article:publisher\" content=\"https:\/\/www.facebook.com\/camarasal\" \/>\n<meta property=\"article:modified_time\" content=\"2023-10-11T22:27:41+00:00\" \/>\n<meta name=\"twitter:card\" content=\"summary_large_image\" \/>\n<script type=\"application\/ld+json\" class=\"yoast-schema-graph\">{\"@context\":\"https:\/\/schema.org\",\"@graph\":[{\"@type\":\"WebPage\",\"@id\":\"https:\/\/camarasal.com\/centro-mediacion-arbitraje\/eventos\/\",\"url\":\"https:\/\/camarasal.com\/centro-mediacion-arbitraje\/eventos\/\",\"name\":\"Eventos - Centro de Mediaci\u00f3n y Arbitraje\",\"isPartOf\":{\"@id\":\"https:\/\/camarasal.com\/centro-mediacion-arbitraje\/#website\"},\"datePublished\":\"2023-10-11T19:50:12+00:00\",\"dateModified\":\"2023-10-11T22:27:41+00:00\",\"breadcrumb\":{\"@id\":\"https:\/\/camarasal.com\/centro-mediacion-arbitraje\/eventos\/#breadcrumb\"},\"inLanguage\":\"es\",\"potentialAction\":[{\"@type\":\"ReadAction\",\"target\":[\"https:\/\/camarasal.com\/centro-mediacion-arbitraje\/eventos\/\"]}]},{\"@type\":\"BreadcrumbList\",\"@id\":\"https:\/\/camarasal.com\/centro-mediacion-arbitraje\/eventos\/#breadcrumb\",\"itemListElement\":[{\"@type\":\"ListItem\",\"position\":1,\"name\":\"Portada\",\"item\":\"https:\/\/camarasal.com\/centro-mediacion-arbitraje\/\"},{\"@type\":\"ListItem\",\"position\":2,\"name\":\"Eventos\"}]},{\"@type\":\"WebSite\",\"@id\":\"https:\/\/camarasal.com\/centro-mediacion-arbitraje\/#website\",\"url\":\"https:\/\/camarasal.com\/centro-mediacion-arbitraje\/\",\"name\":\"Centro de Mediaci\u00f3n y Arbitraje\",\"description\":\"La C\u00e1maras de comercio debido a su solidez moral y credibilidad, han sido los entes id\u00f3neos para el desarrollo de los Medios Alternos de la Soluci\u00f3n\",\"publisher\":{\"@id\":\"https:\/\/camarasal.com\/centro-mediacion-arbitraje\/#organization\"},\"potentialAction\":[{\"@type\":\"SearchAction\",\"target\":{\"@type\":\"EntryPoint\",\"urlTemplate\":\"https:\/\/camarasal.com\/centro-mediacion-arbitraje\/?s={search_term_string}\"},\"query-input\":{\"@type\":\"PropertyValueSpecification\",\"valueRequired\":true,\"valueName\":\"search_term_string\"}}],\"inLanguage\":\"es\"},{\"@type\":\"Organization\",\"@id\":\"https:\/\/camarasal.com\/centro-mediacion-arbitraje\/#organization\",\"name\":\"Centro de Mediaci\u00f3n y Arbitraje\",\"url\":\"https:\/\/camarasal.com\/centro-mediacion-arbitraje\/\",\"logo\":{\"@type\":\"ImageObject\",\"inLanguage\":\"es\",\"@id\":\"https:\/\/camarasal.com\/centro-mediacion-arbitraje\/#\/schema\/logo\/image\/\",\"url\":\"https:\/\/camarasal.com\/centro-mediacion-arbitraje\/wp-content\/uploads\/2023\/10\/logo.svg\",\"contentUrl\":\"https:\/\/camarasal.com\/centro-mediacion-arbitraje\/wp-content\/uploads\/2023\/10\/logo.svg\",\"width\":510,\"height\":130,\"caption\":\"Centro de Mediaci\u00f3n y Arbitraje\"},\"image\":{\"@id\":\"https:\/\/camarasal.com\/centro-mediacion-arbitraje\/#\/schema\/logo\/image\/\"},\"sameAs\":[\"https:\/\/www.facebook.com\/camarasal\"]}]}<\/script>\n<!-- \/ Yoast SEO plugin. -->","yoast_head_json":{"title":"Eventos - Centro de Mediaci\u00f3n y Arbitraje","robots":{"index":"index","follow":"follow","max-snippet":"max-snippet:-1","max-image-preview":"max-image-preview:large","max-video-preview":"max-video-preview:-1"},"canonical":"https:\/\/camarasal.com\/centro-mediacion-arbitraje\/eventos\/","og_locale":"es_ES","og_type":"article","og_title":"Eventos - Centro de Mediaci\u00f3n y Arbitraje","og_description":"Inf\u00f3rmate de nuestros eventos y d\u00edas feriados","og_url":"https:\/\/camarasal.com\/centro-mediacion-arbitraje\/eventos\/","og_site_name":"Centro de Mediaci\u00f3n y Arbitraje","article_publisher":"https:\/\/www.facebook.com\/camarasal","article_modified_time":"2023-10-11T22:27:41+00:00","twitter_card":"summary_large_image","schema":{"@context":"https:\/\/schema.org","@graph":[{"@type":"WebPage","@id":"https:\/\/camarasal.com\/centro-mediacion-arbitraje\/eventos\/","url":"https:\/\/camarasal.com\/centro-mediacion-arbitraje\/eventos\/","name":"Eventos - Centro de Mediaci\u00f3n y Arbitraje","isPartOf":{"@id":"https:\/\/camarasal.com\/centro-mediacion-arbitraje\/#website"},"datePublished":"2023-10-11T19:50:12+00:00","dateModified":"2023-10-11T22:27:41+00:00","breadcrumb":{"@id":"https:\/\/camarasal.com\/centro-mediacion-arbitraje\/eventos\/#breadcrumb"},"inLanguage":"es","potentialAction":[{"@type":"ReadAction","target":["https:\/\/camarasal.com\/centro-mediacion-arbitraje\/eventos\/"]}]},{"@type":"BreadcrumbList","@id":"https:\/\/camarasal.com\/centro-mediacion-arbitraje\/eventos\/#breadcrumb","itemListElement":[{"@type":"ListItem","position":1,"name":"Portada","item":"https:\/\/camarasal.com\/centro-mediacion-arbitraje\/"},{"@type":"ListItem","position":2,"name":"Eventos"}]},{"@type":"WebSite","@id":"https:\/\/camarasal.com\/centro-mediacion-arbitraje\/#website","url":"https:\/\/camarasal.com\/centro-mediacion-arbitraje\/","name":"Centro de Mediaci\u00f3n y Arbitraje","description":"La C\u00e1maras de comercio debido a su solidez moral y credibilidad, han sido los entes id\u00f3neos para el desarrollo de los Medios Alternos de la Soluci\u00f3n","publisher":{"@id":"https:\/\/camarasal.com\/centro-mediacion-arbitraje\/#organization"},"potentialAction":[{"@type":"SearchAction","target":{"@type":"EntryPoint","urlTemplate":"https:\/\/camarasal.com\/centro-mediacion-arbitraje\/?s={search_term_string}"},"query-input":{"@type":"PropertyValueSpecification","valueRequired":true,"valueName":"search_term_string"}}],"inLanguage":"es"},{"@type":"Organization","@id":"https:\/\/camarasal.com\/centro-mediacion-arbitraje\/#organization","name":"Centro de Mediaci\u00f3n y Arbitraje","url":"https:\/\/camarasal.com\/centro-mediacion-arbitraje\/","logo":{"@type":"ImageObject","inLanguage":"es","@id":"https:\/\/camarasal.com\/centro-mediacion-arbitraje\/#\/schema\/logo\/image\/","url":"https:\/\/camarasal.com\/centro-mediacion-arbitraje\/wp-content\/uploads\/2023\/10\/logo.svg","contentUrl":"https:\/\/camarasal.com\/centro-mediacion-arbitraje\/wp-content\/uploads\/2023\/10\/logo.svg","width":510,"height":130,"caption":"Centro de Mediaci\u00f3n y Arbitraje"},"image":{"@id":"https:\/\/camarasal.com\/centro-mediacion-arbitraje\/#\/schema\/logo\/image\/"},"sameAs":["https:\/\/www.facebook.com\/camarasal"]}]}},"_links":{"self":[{"href":"https:\/\/camarasal.com\/centro-mediacion-arbitraje\/wp-json\/wp\/v2\/pages\/65","targetHints":{"allow":["GET"]}}],"collection":[{"href":"https:\/\/camarasal.com\/centro-mediacion-arbitraje\/wp-json\/wp\/v2\/pages"}],"about":[{"href":"https:\/\/camarasal.com\/centro-mediacion-arbitraje\/wp-json\/wp\/v2\/types\/page"}],"author":[{"embeddable":true,"href":"https:\/\/camarasal.com\/centro-mediacion-arbitraje\/wp-json\/wp\/v2\/users\/1"}],"replies":[{"embeddable":true,"href":"https:\/\/camarasal.com\/centro-mediacion-arbitraje\/wp-json\/wp\/v2\/comments?post=65"}],"version-history":[{"count":2,"href":"https:\/\/camarasal.com\/centro-mediacion-arbitraje\/wp-json\/wp\/v2\/pages\/65\/revisions"}],"predecessor-version":[{"id":105,"href":"https:\/\/camarasal.com\/centro-mediacion-arbitraje\/wp-json\/wp\/v2\/pages\/65\/revisions\/105"}],"wp:attachment":[{"href":"https:\/\/camarasal.com\/centro-mediacion-arbitraje\/wp-json\/wp\/v2\/media?parent=65"}],"curies":[{"name":"wp","href":"https:\/\/api.w.org\/{rel}","templated":true}]}}