{"id":59,"date":"2023-10-11T19:48:10","date_gmt":"2023-10-11T19:48:10","guid":{"rendered":"https:\/\/camarasal.com\/centro-mediacion-arbitraje\/?page_id=59"},"modified":"2023-10-19T22:00:52","modified_gmt":"2023-10-19T22:00:52","slug":"marco-normativo","status":"publish","type":"page","link":"https:\/\/camarasal.com\/centro-mediacion-arbitraje\/marco-normativo\/","title":{"rendered":"Marco normativo"},"content":{"rendered":"<div id=\"dslc-theme-content\"><div id=\"dslc-theme-content-inner\"><div id=\"dslc-main\">\n<div  class=\"dslc-modules-section  dslc-init-parallax  dslc-full legal-frameworks \" style=\"padding-left:5%;padding-right:5%;background-color:rgba(0,0,0,0);background-repeat:no-repeat;background-position:right top;background-attachment:parallax;background-size:contain;\" data-section-id=\"41ccc4c4bb5\">\n<div class=\"dslc-modules-section-wrapper dslc-clearfix\">\n<div class=\"dslc-modules-area dslc-col dslc-12-col dslc-last-col dslc-valign-middle \" data-size=\"12\" data-valign=\"middle\">\n<div id=\"dslc-module-d1f48800aac\" class=\"dslc-module-front dslc-module-DSLC_Text_Simple dslc-in-viewport-check dslc-in-viewport-anim-none  dslc-col dslc-12-col dslc-last-col  dslc-module-handle-like-regular text title\" data-module-id=\"d1f48800aac\" data-module=\"DSLC_Text_Simple\" data-dslc-module-size=\"12\" data-dslc-anim=\"none\" data-dslc-anim-delay=\"\" data-dslc-anim-duration=\"650\"  data-dslc-anim-easing=\"ease\" data-dslc-preset=\"none\" >\n<div class=\"dslc-text-module-content\">\n<h2>Marcos <strong>normativos<\/strong><\/h2>\n<\/p><\/div>\n<\/p><\/div>\n<p><!-- .dslc-module -->\n\t\t<\/div>\n<\/div>\n<\/div>\n<div  class=\"dslc-modules-section  dslc-init-parallax  dslc-full legal-frameworks \" style=\"padding-bottom:40px;padding-top:40px;padding-left:5%;padding-right:5%;background-color:rgba(0,0,0,0);background-repeat:no-repeat;background-position:right top;background-attachment:parallax;background-size:contain;\" data-section-id=\"egla7jrktn8\">\n<div class=\"dslc-modules-section-wrapper dslc-clearfix\">\n<div class=\"dslc-modules-area dslc-col dslc-12-col dslc-last-col dslc-valign-middle \" data-size=\"12\" data-valign=\"middle\">\n<div id=\"dslc-module-b4v4qv9id7g\" class=\"dslc-module-front dslc-module-DSLC_Text_Simple dslc-in-viewport-check dslc-in-viewport-anim-none  dslc-col dslc-12-col dslc-last-col  dslc-module-handle-like-regular normative\" data-module-id=\"b4v4qv9id7g\" data-module=\"DSLC_Text_Simple\" data-dslc-module-size=\"12\" data-dslc-anim=\"none\" data-dslc-anim-delay=\"\" data-dslc-anim-duration=\"650\"  data-dslc-anim-easing=\"ease\" data-dslc-preset=\"none\" >\n<div class=\"dslc-text-module-content\">\n<h2>Ley de mediaci\u00f3n<\/h2>\n<h3>Ley de mediaci\u00f3n, conciliaci\u00f3n y arbitraje<\/h3>\n<p><a class=\"download xs\" draggable=\"false\" href=\"https:\/\/camarasal.com\/centro-mediacion-arbitraje\/wp-content\/uploads\/2023\/12\/El-Salvador-Ley-de-Mediacion-Conciliacion-y-Arbitraje.pdf\" target=\"_blank\" rel=\"noopener\">Descargar<\/a><\/p>\n<p>Aprobada seg\u00fan Decreto No. 914 de la Asamblea Legislativa del 11 de julio de 2022 y contiene la legislaci\u00f3n correspondiente a la soluci\u00f3n de controversias por medio del Arbitraje y Mediaci\u00f3n.<\/p>\n<p>Dicha ley constituye un avance en la modernizaci\u00f3n de la legislaci\u00f3n mercantil y recoge los principios y figuras modernas referentes a los medios alternos de soluci\u00f3n de controversia.<\/p>\n<p>La nueva normativa ha permitido que la C\u00e1mara de Comercio e industria de El Salvador pueda establecer su propio Centro de Mediaci\u00f3n y Arbitraje permitiendo as\u00ed que las empresas puedan resolver sus conflictos de manera \u00e1gil conforme a la din\u00e1mica del \u00e1mbito comercial.<\/p>\n<\/p><\/div>\n<\/p><\/div>\n<p><!-- .dslc-module --><\/p>\n<div id=\"dslc-module-4kp14m4tt7o\" class=\"dslc-module-front dslc-module-DSLC_Text_Simple dslc-in-viewport-check dslc-in-viewport-anim-none  dslc-col dslc-12-col dslc-last-col  dslc-module-handle-like-regular normative\" data-module-id=\"4kp14m4tt7o\" data-module=\"DSLC_Text_Simple\" data-dslc-module-size=\"12\" data-dslc-anim=\"none\" data-dslc-anim-delay=\"\" data-dslc-anim-duration=\"650\"  data-dslc-anim-easing=\"ease\" data-dslc-preset=\"none\" >\n<div class=\"dslc-text-module-content\">\n<h2>Reglamento<\/h2>\n<h3>Reglamento de la ley de mediaci\u00f3n, conciliacion y arbitraje<\/h3>\n<p><a class=\"download xs\" draggable=\"false\" href=\"https:\/\/camarasal.com\/centro-mediacion-arbitraje\/wp-content\/uploads\/2023\/12\/REGLAMENTO_LEY.pdf\" target=\"_blank\" rel=\"noopener\">Descargar<\/a><\/p>\n<p>Aprobada seg\u00fan Decreto No. 65 de la Asamblea Legislativa de fecha 02 de septiembre de 2003. Es necesario emitir este Reglamento a fin de desarrollar los preceptos de la ley de mediaci\u00f3n conciliaci\u00f3n, y arbitraje. La nueva normativa junto con la ley, han permitido que la C\u00e1mara de Comercia e Industrial de El Salvador pueda establecer su propio Centro de Mediaci\u00f3n y Arbitraje permitiendo as\u00ed que las empresas puedan resolver sus conflictos de manera \u00e1gil conforme a la din\u00e1mica de \u00e1mbito comercial.<\/p>\n<\/p><\/div>\n<\/p><\/div>\n<p><!-- .dslc-module --><\/p>\n<div id=\"dslc-module-6k7e3mqvjr\" class=\"dslc-module-front dslc-module-DSLC_Text_Simple dslc-in-viewport-check dslc-in-viewport-anim-none  dslc-col dslc-12-col dslc-last-col  dslc-module-handle-like-regular normative\" data-module-id=\"6k7e3mqvjr\" data-module=\"DSLC_Text_Simple\" data-dslc-module-size=\"12\" data-dslc-anim=\"none\" data-dslc-anim-delay=\"\" data-dslc-anim-duration=\"650\"  data-dslc-anim-easing=\"ease\" data-dslc-preset=\"none\" >\n<div class=\"dslc-text-module-content\">\n<h2>Reglamento<\/h2>\n<h3>Reglamento del Centro de Mediaci\u00f3n y Arbitraje<\/h3>\n<p><a class=\"download xs\" draggable=\"false\" href=\"https:\/\/camarasal.com\/centro-mediacion-arbitraje\/wp-content\/uploads\/2023\/12\/REGLAMENTO_CENTRO.pdf\" target=\"_blank\" rel=\"noopener\">Descargar<\/a><\/p>\n<p>Son las disposiciones que regulan el funcionamiento del Centro de Mediaci\u00f3n y Arbitraje de la C\u00e1mara de Comercio e Industria de El Salvador, como tambi\u00e9n las funciones de los agentes que inteviernen en el los procesos, sus perfiles, formas de participaci\u00f3n, procedimientos, e informaci\u00f3n atientes a los m\u00e9todos alternos que ofrecen el Centro. El reglamento de nuestro Centro de Mediaci\u00f3n y Arbitraje establece un procedimiento \u00e1gil, confidencial y moderno para la el desarrollo de la mediaci\u00f3n y el arbitraje, congruente con la din\u00e1mica del \u00e1mbito comercial y con la visi\u00f3n de hacer frente los retos de una economi\u00e1 globalizada que necesita de estas figuras para poder solucionar las diferencias que puedan surgir en el mundo de los negocios.<\/p>\n<p>En esta p\u00e1gina usted podr\u00e1 acceder al texto de nuestro reglamento, que fue objeto de estudio y discusi\u00f3n por parte de destacados miembros de la comunidades jur\u00eddica salvadore\u00f1a.<\/p>\n<\/p><\/div>\n<\/p><\/div>\n<p><!-- .dslc-module --><\/p>\n<div id=\"dslc-module-1mlcl52bkv\" class=\"dslc-module-front dslc-module-DSLC_Text_Simple dslc-in-viewport-check dslc-in-viewport-anim-none  dslc-col dslc-12-col dslc-last-col  dslc-module-handle-like-regular normative\" data-module-id=\"1mlcl52bkv\" data-module=\"DSLC_Text_Simple\" data-dslc-module-size=\"12\" data-dslc-anim=\"none\" data-dslc-anim-delay=\"\" data-dslc-anim-duration=\"650\"  data-dslc-anim-easing=\"ease\" data-dslc-preset=\"none\" >\n<div class=\"dslc-text-module-content\">\n<h2>C\u00f3digo<\/h2>\n<h3>C\u00f3digo de \u00c9tica<\/h3>\n<p><a class=\"download xs\" draggable=\"false\" href=\"https:\/\/camarasal.com\/centro-mediacion-arbitraje\/wp-content\/uploads\/2023\/12\/CODIGO_DE_ETICA-CMA-digital.pdf\" target=\"_blank\" rel=\"noopener\">Descargar<\/a><\/p>\n<p>Centro de Mediaci\u00f3n y Arbitraje de la C\u00e1mara de Comercio e industrial de El Salvador<\/p>\n<\/p><\/div>\n<\/p><\/div>\n<p><!-- .dslc-module --><\/p>\n<div id=\"dslc-module-vbhg928dkko\" class=\"dslc-module-front dslc-module-DSLC_Text_Simple dslc-in-viewport-check dslc-in-viewport-anim-none  dslc-col dslc-12-col dslc-last-col  dslc-module-handle-like-regular normative\" data-module-id=\"vbhg928dkko\" data-module=\"DSLC_Text_Simple\" data-dslc-module-size=\"12\" data-dslc-anim=\"none\" data-dslc-anim-delay=\"\" data-dslc-anim-duration=\"650\"  data-dslc-anim-easing=\"ease\" data-dslc-preset=\"none\" >\n<div class=\"dslc-text-module-content\">\n<h2>Reglamento<\/h2>\n<h3>Reglamento CIAC<\/h3>\n<p><a class=\"download xs\" draggable=\"false\" href=\"https:\/\/camarasal.com\/centro-mediacion-arbitraje\/wp-content\/uploads\/2023\/12\/REGLAS-DE-PROCEDIMIENTO-DE-ARBITRAJE-CIAC-VERSION-FINAL-13-JUNIO-2019-1.pdf\" target=\"_blank\" rel=\"noopener\">Descargar<\/a><\/p>\n<p>Centro de MEdiaci\u00f3n La Comisi\u00f3n Interamericana de Arbitraje Comercial CIAC, fue establecida en el 1934 por medio de la Resolici\u00f3n XLI de la S\u00e9ptima Conferencia de Estados Americanos en Montevideo, Uruguay. La CIAC es administrador internacional de arbitrajes y mediaciones. Es una entidad Internacional que se especializa enla soluci\u00f3n alternativa de disputas enj el Hemisferio Americano<\/p>\n<\/p><\/div>\n<\/p><\/div>\n<p><!-- .dslc-module -->\n\t\t<\/div>\n<\/div>\n<\/div>\n<\/div>\n<\/div><\/div>","protected":false},"excerpt":{"rendered":"<p>La adecuada comprensi\u00f3n y cumplimiento de los marcos normativos son fundamentales para el funcionamiento ordenado y sostenible de cualquier sistema o sector.<\/p>\n","protected":false},"author":1,"featured_media":0,"parent":0,"menu_order":0,"comment_status":"closed","ping_status":"closed","template":"","meta":{"footnotes":""},"class_list":["post-59","page","type-page","status-publish","hentry"],"yoast_head":"<!-- This site is optimized with the Yoast SEO plugin v27.2 - https:\/\/yoast.com\/product\/yoast-seo-wordpress\/ -->\n<title>Marco normativo - Centro de Mediaci\u00f3n y Arbitraje<\/title>\n<meta name=\"robots\" content=\"index, follow, max-snippet:-1, max-image-preview:large, max-video-preview:-1\" \/>\n<link rel=\"canonical\" href=\"https:\/\/camarasal.com\/centro-mediacion-arbitraje\/marco-normativo\/\" \/>\n<meta property=\"og:locale\" content=\"es_ES\" \/>\n<meta property=\"og:type\" content=\"article\" \/>\n<meta property=\"og:title\" content=\"Marco normativo - Centro de Mediaci\u00f3n y Arbitraje\" \/>\n<meta property=\"og:description\" content=\"La adecuada comprensi\u00f3n y cumplimiento de los marcos normativos son fundamentales para el funcionamiento ordenado y sostenible de cualquier sistema o sector.\" \/>\n<meta property=\"og:url\" content=\"https:\/\/camarasal.com\/centro-mediacion-arbitraje\/marco-normativo\/\" \/>\n<meta property=\"og:site_name\" content=\"Centro de Mediaci\u00f3n y Arbitraje\" \/>\n<meta property=\"article:publisher\" content=\"https:\/\/www.facebook.com\/camarasal\" \/>\n<meta property=\"article:modified_time\" content=\"2023-10-19T22:00:52+00:00\" \/>\n<meta name=\"twitter:card\" content=\"summary_large_image\" \/>\n<meta name=\"twitter:label1\" content=\"Tiempo de lectura\" \/>\n\t<meta name=\"twitter:data1\" content=\"2 minutos\" \/>\n<script type=\"application\/ld+json\" class=\"yoast-schema-graph\">{\"@context\":\"https:\/\/schema.org\",\"@graph\":[{\"@type\":\"WebPage\",\"@id\":\"https:\/\/camarasal.com\/centro-mediacion-arbitraje\/marco-normativo\/\",\"url\":\"https:\/\/camarasal.com\/centro-mediacion-arbitraje\/marco-normativo\/\",\"name\":\"Marco normativo - Centro de Mediaci\u00f3n y Arbitraje\",\"isPartOf\":{\"@id\":\"https:\/\/camarasal.com\/centro-mediacion-arbitraje\/#website\"},\"datePublished\":\"2023-10-11T19:48:10+00:00\",\"dateModified\":\"2023-10-19T22:00:52+00:00\",\"breadcrumb\":{\"@id\":\"https:\/\/camarasal.com\/centro-mediacion-arbitraje\/marco-normativo\/#breadcrumb\"},\"inLanguage\":\"es\",\"potentialAction\":[{\"@type\":\"ReadAction\",\"target\":[\"https:\/\/camarasal.com\/centro-mediacion-arbitraje\/marco-normativo\/\"]}]},{\"@type\":\"BreadcrumbList\",\"@id\":\"https:\/\/camarasal.com\/centro-mediacion-arbitraje\/marco-normativo\/#breadcrumb\",\"itemListElement\":[{\"@type\":\"ListItem\",\"position\":1,\"name\":\"Portada\",\"item\":\"https:\/\/camarasal.com\/centro-mediacion-arbitraje\/\"},{\"@type\":\"ListItem\",\"position\":2,\"name\":\"Marco normativo\"}]},{\"@type\":\"WebSite\",\"@id\":\"https:\/\/camarasal.com\/centro-mediacion-arbitraje\/#website\",\"url\":\"https:\/\/camarasal.com\/centro-mediacion-arbitraje\/\",\"name\":\"Centro de Mediaci\u00f3n y Arbitraje\",\"description\":\"La C\u00e1maras de comercio debido a su solidez moral y credibilidad, han sido los entes id\u00f3neos para el desarrollo de los Medios Alternos de la Soluci\u00f3n\",\"publisher\":{\"@id\":\"https:\/\/camarasal.com\/centro-mediacion-arbitraje\/#organization\"},\"potentialAction\":[{\"@type\":\"SearchAction\",\"target\":{\"@type\":\"EntryPoint\",\"urlTemplate\":\"https:\/\/camarasal.com\/centro-mediacion-arbitraje\/?s={search_term_string}\"},\"query-input\":{\"@type\":\"PropertyValueSpecification\",\"valueRequired\":true,\"valueName\":\"search_term_string\"}}],\"inLanguage\":\"es\"},{\"@type\":\"Organization\",\"@id\":\"https:\/\/camarasal.com\/centro-mediacion-arbitraje\/#organization\",\"name\":\"Centro de Mediaci\u00f3n y Arbitraje\",\"url\":\"https:\/\/camarasal.com\/centro-mediacion-arbitraje\/\",\"logo\":{\"@type\":\"ImageObject\",\"inLanguage\":\"es\",\"@id\":\"https:\/\/camarasal.com\/centro-mediacion-arbitraje\/#\/schema\/logo\/image\/\",\"url\":\"https:\/\/camarasal.com\/centro-mediacion-arbitraje\/wp-content\/uploads\/2023\/10\/logo.svg\",\"contentUrl\":\"https:\/\/camarasal.com\/centro-mediacion-arbitraje\/wp-content\/uploads\/2023\/10\/logo.svg\",\"width\":510,\"height\":130,\"caption\":\"Centro de Mediaci\u00f3n y Arbitraje\"},\"image\":{\"@id\":\"https:\/\/camarasal.com\/centro-mediacion-arbitraje\/#\/schema\/logo\/image\/\"},\"sameAs\":[\"https:\/\/www.facebook.com\/camarasal\"]}]}<\/script>\n<!-- \/ Yoast SEO plugin. -->","yoast_head_json":{"title":"Marco normativo - Centro de Mediaci\u00f3n y Arbitraje","robots":{"index":"index","follow":"follow","max-snippet":"max-snippet:-1","max-image-preview":"max-image-preview:large","max-video-preview":"max-video-preview:-1"},"canonical":"https:\/\/camarasal.com\/centro-mediacion-arbitraje\/marco-normativo\/","og_locale":"es_ES","og_type":"article","og_title":"Marco normativo - Centro de Mediaci\u00f3n y Arbitraje","og_description":"La adecuada comprensi\u00f3n y cumplimiento de los marcos normativos son fundamentales para el funcionamiento ordenado y sostenible de cualquier sistema o sector.","og_url":"https:\/\/camarasal.com\/centro-mediacion-arbitraje\/marco-normativo\/","og_site_name":"Centro de Mediaci\u00f3n y Arbitraje","article_publisher":"https:\/\/www.facebook.com\/camarasal","article_modified_time":"2023-10-19T22:00:52+00:00","twitter_card":"summary_large_image","twitter_misc":{"Tiempo de lectura":"2 minutos"},"schema":{"@context":"https:\/\/schema.org","@graph":[{"@type":"WebPage","@id":"https:\/\/camarasal.com\/centro-mediacion-arbitraje\/marco-normativo\/","url":"https:\/\/camarasal.com\/centro-mediacion-arbitraje\/marco-normativo\/","name":"Marco normativo - Centro de Mediaci\u00f3n y Arbitraje","isPartOf":{"@id":"https:\/\/camarasal.com\/centro-mediacion-arbitraje\/#website"},"datePublished":"2023-10-11T19:48:10+00:00","dateModified":"2023-10-19T22:00:52+00:00","breadcrumb":{"@id":"https:\/\/camarasal.com\/centro-mediacion-arbitraje\/marco-normativo\/#breadcrumb"},"inLanguage":"es","potentialAction":[{"@type":"ReadAction","target":["https:\/\/camarasal.com\/centro-mediacion-arbitraje\/marco-normativo\/"]}]},{"@type":"BreadcrumbList","@id":"https:\/\/camarasal.com\/centro-mediacion-arbitraje\/marco-normativo\/#breadcrumb","itemListElement":[{"@type":"ListItem","position":1,"name":"Portada","item":"https:\/\/camarasal.com\/centro-mediacion-arbitraje\/"},{"@type":"ListItem","position":2,"name":"Marco normativo"}]},{"@type":"WebSite","@id":"https:\/\/camarasal.com\/centro-mediacion-arbitraje\/#website","url":"https:\/\/camarasal.com\/centro-mediacion-arbitraje\/","name":"Centro de Mediaci\u00f3n y Arbitraje","description":"La C\u00e1maras de comercio debido a su solidez moral y credibilidad, han sido los entes id\u00f3neos para el desarrollo de los Medios Alternos de la Soluci\u00f3n","publisher":{"@id":"https:\/\/camarasal.com\/centro-mediacion-arbitraje\/#organization"},"potentialAction":[{"@type":"SearchAction","target":{"@type":"EntryPoint","urlTemplate":"https:\/\/camarasal.com\/centro-mediacion-arbitraje\/?s={search_term_string}"},"query-input":{"@type":"PropertyValueSpecification","valueRequired":true,"valueName":"search_term_string"}}],"inLanguage":"es"},{"@type":"Organization","@id":"https:\/\/camarasal.com\/centro-mediacion-arbitraje\/#organization","name":"Centro de Mediaci\u00f3n y Arbitraje","url":"https:\/\/camarasal.com\/centro-mediacion-arbitraje\/","logo":{"@type":"ImageObject","inLanguage":"es","@id":"https:\/\/camarasal.com\/centro-mediacion-arbitraje\/#\/schema\/logo\/image\/","url":"https:\/\/camarasal.com\/centro-mediacion-arbitraje\/wp-content\/uploads\/2023\/10\/logo.svg","contentUrl":"https:\/\/camarasal.com\/centro-mediacion-arbitraje\/wp-content\/uploads\/2023\/10\/logo.svg","width":510,"height":130,"caption":"Centro de Mediaci\u00f3n y Arbitraje"},"image":{"@id":"https:\/\/camarasal.com\/centro-mediacion-arbitraje\/#\/schema\/logo\/image\/"},"sameAs":["https:\/\/www.facebook.com\/camarasal"]}]}},"_links":{"self":[{"href":"https:\/\/camarasal.com\/centro-mediacion-arbitraje\/wp-json\/wp\/v2\/pages\/59","targetHints":{"allow":["GET"]}}],"collection":[{"href":"https:\/\/camarasal.com\/centro-mediacion-arbitraje\/wp-json\/wp\/v2\/pages"}],"about":[{"href":"https:\/\/camarasal.com\/centro-mediacion-arbitraje\/wp-json\/wp\/v2\/types\/page"}],"author":[{"embeddable":true,"href":"https:\/\/camarasal.com\/centro-mediacion-arbitraje\/wp-json\/wp\/v2\/users\/1"}],"replies":[{"embeddable":true,"href":"https:\/\/camarasal.com\/centro-mediacion-arbitraje\/wp-json\/wp\/v2\/comments?post=59"}],"version-history":[{"count":2,"href":"https:\/\/camarasal.com\/centro-mediacion-arbitraje\/wp-json\/wp\/v2\/pages\/59\/revisions"}],"predecessor-version":[{"id":147,"href":"https:\/\/camarasal.com\/centro-mediacion-arbitraje\/wp-json\/wp\/v2\/pages\/59\/revisions\/147"}],"wp:attachment":[{"href":"https:\/\/camarasal.com\/centro-mediacion-arbitraje\/wp-json\/wp\/v2\/media?parent=59"}],"curies":[{"name":"wp","href":"https:\/\/api.w.org\/{rel}","templated":true}]}}